{"id":6223,"date":"2021-11-16T19:37:28","date_gmt":"2021-11-16T23:37:28","guid":{"rendered":"https:\/\/leadco.io\/?page_id=6223"},"modified":"2024-04-30T15:56:58","modified_gmt":"2024-04-30T19:56:58","slug":"contact","status":"publish","type":"page","link":"https:\/\/leadco.io\/en\/contact\/","title":{"rendered":"Contact"},"content":{"rendered":"\t\t<div data-elementor-type=\"wp-page\" data-elementor-id=\"6223\" class=\"elementor elementor-6223 elementor-111\" data-elementor-settings=\"[]\">\n\t\t\t\t\t\t\t<div class=\"elementor-section-wrap\">\n\t\t\t\t\t\t\t<section class=\"ob-is-breaking-bad elementor-section elementor-top-section elementor-element elementor-element-197b49f elementor-section-boxed elementor-section-height-default elementor-section-height-default\" data-id=\"197b49f\" data-element_type=\"section\" data-settings=\"{&quot;background_background&quot;:&quot;classic&quot;,&quot;_ob_bbad_use_it&quot;:&quot;yes&quot;,&quot;_ob_bbad_sssic_use&quot;:&quot;no&quot;,&quot;_ob_glider_is_slider&quot;:&quot;no&quot;}\">\n\t\t\t\t\t\t<div class=\"elementor-container elementor-column-gap-default\">\n\t\t\t\t\t<div class=\"elementor-column elementor-col-100 elementor-top-column elementor-element elementor-element-15d9d55\" data-id=\"15d9d55\" data-element_type=\"column\" data-settings=\"{&quot;background_background&quot;:&quot;classic&quot;,&quot;_ob_bbad_is_stalker&quot;:&quot;no&quot;,&quot;_ob_teleporter_use&quot;:false,&quot;_ob_column_hoveranimator&quot;:&quot;no&quot;,&quot;_ob_column_has_pseudo&quot;:&quot;no&quot;}\">\n\t\t\t<div class=\"elementor-widget-wrap elementor-element-populated\">\n\t\t\t\t\t\t\t\t<div class=\"elementor-element elementor-element-67c060d ob-harakiri-inherit ob-has-background-overlay elementor-widget elementor-widget-heading\" data-id=\"67c060d\" data-element_type=\"widget\" data-settings=\"{&quot;_ob_harakiri_writing_mode&quot;:&quot;inherit&quot;,&quot;_ob_perspektive_use&quot;:&quot;no&quot;,&quot;_ob_poopart_use&quot;:&quot;yes&quot;,&quot;_ob_shadough_use&quot;:&quot;no&quot;,&quot;_ob_allow_hoveranimator&quot;:&quot;no&quot;,&quot;_ob_widget_stalker_use&quot;:&quot;no&quot;}\" data-widget_type=\"heading.default\">\n\t\t\t\t<div class=\"elementor-widget-container\">\n\t\t\t<h2 class=\"elementor-heading-title elementor-size-default\">CONTACT US<\/h2>\t\t<\/div>\n\t\t\t\t<\/div>\n\t\t\t\t<div class=\"elementor-element elementor-element-d7fca2a ob-harakiri-inherit ob-has-background-overlay elementor-widget elementor-widget-heading\" data-id=\"d7fca2a\" data-element_type=\"widget\" data-settings=\"{&quot;_ob_harakiri_writing_mode&quot;:&quot;inherit&quot;,&quot;_ob_perspektive_use&quot;:&quot;no&quot;,&quot;_ob_poopart_use&quot;:&quot;yes&quot;,&quot;_ob_shadough_use&quot;:&quot;no&quot;,&quot;_ob_allow_hoveranimator&quot;:&quot;no&quot;,&quot;_ob_widget_stalker_use&quot;:&quot;no&quot;}\" data-widget_type=\"heading.default\">\n\t\t\t\t<div class=\"elementor-widget-container\">\n\t\t\t<h2 class=\"elementor-heading-title elementor-size-default\">If you have any questions or comments about our services, please let us know. All you have to do is send us your message, taking care to include all the necessary information so that we can contact you as quickly as possible. We look forward to hearing from you.<\/h2>\t\t<\/div>\n\t\t\t\t<\/div>\n\t\t\t\t<section class=\"ob-is-breaking-bad ob-bb-inner elementor-section elementor-inner-section elementor-element elementor-element-99b637d elementor-section-boxed elementor-section-height-default elementor-section-height-default\" data-id=\"99b637d\" data-element_type=\"section\" data-settings=\"{&quot;_ob_bbad_use_it&quot;:&quot;yes&quot;,&quot;_ob_bbad_sssic_use&quot;:&quot;no&quot;,&quot;_ob_glider_is_slider&quot;:&quot;no&quot;}\">\n\t\t\t\t\t\t<div class=\"elementor-container elementor-column-gap-default\">\n\t\t\t\t\t<div class=\"elementor-column elementor-col-50 elementor-inner-column elementor-element elementor-element-a088a8b\" data-id=\"a088a8b\" data-element_type=\"column\" data-settings=\"{&quot;_ob_bbad_is_stalker&quot;:&quot;no&quot;,&quot;_ob_teleporter_use&quot;:false,&quot;_ob_column_hoveranimator&quot;:&quot;no&quot;,&quot;_ob_column_has_pseudo&quot;:&quot;no&quot;}\">\n\t\t\t<div class=\"elementor-widget-wrap elementor-element-populated\">\n\t\t\t\t\t\t\t\t<div class=\"elementor-element elementor-element-15adda5 ob-harakiri-inherit ob-has-background-overlay elementor-widget elementor-widget-heading\" data-id=\"15adda5\" data-element_type=\"widget\" data-settings=\"{&quot;_ob_harakiri_writing_mode&quot;:&quot;inherit&quot;,&quot;_ob_perspektive_use&quot;:&quot;no&quot;,&quot;_ob_poopart_use&quot;:&quot;yes&quot;,&quot;_ob_shadough_use&quot;:&quot;no&quot;,&quot;_ob_allow_hoveranimator&quot;:&quot;no&quot;,&quot;_ob_widget_stalker_use&quot;:&quot;no&quot;}\" data-widget_type=\"heading.default\">\n\t\t\t\t<div class=\"elementor-widget-container\">\n\t\t\t<h2 class=\"elementor-heading-title elementor-size-default\">1615 Beckett Street, Sherbrooke, QC, J1J 1C7<\/h2>\t\t<\/div>\n\t\t\t\t<\/div>\n\t\t\t\t<div class=\"elementor-element elementor-element-df4616d ob-harakiri-inherit ob-has-background-overlay elementor-widget elementor-widget-heading\" data-id=\"df4616d\" data-element_type=\"widget\" data-settings=\"{&quot;_ob_harakiri_writing_mode&quot;:&quot;inherit&quot;,&quot;_ob_perspektive_use&quot;:&quot;no&quot;,&quot;_ob_poopart_use&quot;:&quot;yes&quot;,&quot;_ob_shadough_use&quot;:&quot;no&quot;,&quot;_ob_allow_hoveranimator&quot;:&quot;no&quot;,&quot;_ob_widget_stalker_use&quot;:&quot;no&quot;}\" data-widget_type=\"heading.default\">\n\t\t\t\t<div class=\"elementor-widget-container\">\n\t\t\t<h2 class=\"elementor-heading-title elementor-size-default\">4375 St-Michel #301, Montreal, QC, H1Y 3G6<\/h2>\t\t<\/div>\n\t\t\t\t<\/div>\n\t\t\t\t<div class=\"elementor-element elementor-element-2d627fc ob-harakiri-inherit ob-has-background-overlay elementor-widget elementor-widget-heading\" data-id=\"2d627fc\" data-element_type=\"widget\" data-settings=\"{&quot;_ob_harakiri_writing_mode&quot;:&quot;inherit&quot;,&quot;_ob_perspektive_use&quot;:&quot;no&quot;,&quot;_ob_poopart_use&quot;:&quot;yes&quot;,&quot;_ob_shadough_use&quot;:&quot;no&quot;,&quot;_ob_allow_hoveranimator&quot;:&quot;no&quot;,&quot;_ob_widget_stalker_use&quot;:&quot;no&quot;}\" data-widget_type=\"heading.default\">\n\t\t\t\t<div class=\"elementor-widget-container\">\n\t\t\t<h2 class=\"elementor-heading-title elementor-size-default\">Telephone: 1 (888) 508.9108<\/h2>\t\t<\/div>\n\t\t\t\t<\/div>\n\t\t\t\t<div class=\"elementor-element elementor-element-0cb437f ob-harakiri-inherit ob-has-background-overlay elementor-widget elementor-widget-heading\" data-id=\"0cb437f\" data-element_type=\"widget\" data-settings=\"{&quot;_ob_harakiri_writing_mode&quot;:&quot;inherit&quot;,&quot;_ob_perspektive_use&quot;:&quot;no&quot;,&quot;_ob_poopart_use&quot;:&quot;yes&quot;,&quot;_ob_shadough_use&quot;:&quot;no&quot;,&quot;_ob_allow_hoveranimator&quot;:&quot;no&quot;,&quot;_ob_widget_stalker_use&quot;:&quot;no&quot;}\" data-widget_type=\"heading.default\">\n\t\t\t\t<div class=\"elementor-widget-container\">\n\t\t\t<h2 class=\"elementor-heading-title elementor-size-default\">info@leadco.io<\/h2>\t\t<\/div>\n\t\t\t\t<\/div>\n\t\t\t\t\t<\/div>\n\t\t<\/div>\n\t\t\t\t<div class=\"elementor-column elementor-col-50 elementor-inner-column elementor-element elementor-element-8ae4d95\" data-id=\"8ae4d95\" data-element_type=\"column\" data-settings=\"{&quot;_ob_bbad_is_stalker&quot;:&quot;no&quot;,&quot;_ob_teleporter_use&quot;:false,&quot;_ob_column_hoveranimator&quot;:&quot;no&quot;,&quot;_ob_column_has_pseudo&quot;:&quot;no&quot;}\">\n\t\t\t<div class=\"elementor-widget-wrap elementor-element-populated\">\n\t\t\t\t\t\t\t\t<div class=\"elementor-element elementor-element-89ac726 ob-has-background-overlay elementor-widget elementor-widget-html\" data-id=\"89ac726\" data-element_type=\"widget\" data-settings=\"{&quot;_ob_perspektive_use&quot;:&quot;no&quot;,&quot;_ob_poopart_use&quot;:&quot;yes&quot;,&quot;_ob_shadough_use&quot;:&quot;no&quot;,&quot;_ob_allow_hoveranimator&quot;:&quot;no&quot;,&quot;_ob_widget_stalker_use&quot;:&quot;no&quot;}\" data-widget_type=\"html.default\">\n\t\t\t\t<div class=\"elementor-widget-container\">\n\t\t\t<iframe src=\"https:\/\/msgsndr.com\/widget\/form\/XSg1inN1734rNtCHtJGf\" style=\"border:none;width:100%;\" scrolling=\"no\" id=\"XSg1inN1734rNtCHtJGf\"><\/iframe>\n<script src=\"https:\/\/msgsndr.com\/js\/form_embed.js\"><\/script>\t\t<\/div>\n\t\t\t\t<\/div>\n\t\t\t\t\t<\/div>\n\t\t<\/div>\n\t\t\t\t\t\t\t<\/div>\n\t\t<\/section>\n\t\t\t\t\t<\/div>\n\t\t<\/div>\n\t\t\t\t\t\t\t<\/div>\n\t\t<\/section>\n\t\t\t\t\t\t<\/div>\n\t\t\t\t\t<\/div>\n\t\t","protected":false},"excerpt":{"rendered":"<p>CONTACT US If you have any questions or comments about our services, please let us know. All you have to do is send us your message, taking care to include all the necessary information so that we can contact you as quickly as possible. We look forward to hearing from you. 1615 Beckett Street, Sherbrooke, [&hellip;]<\/p>\n","protected":false},"author":1,"featured_media":0,"parent":0,"menu_order":0,"comment_status":"closed","ping_status":"closed","template":"elementor_header_footer","meta":[],"yoast_head":"<!-- This site is optimized with the Yoast SEO Premium plugin v16.9 (Yoast SEO v16.9) - https:\/\/yoast.com\/wordpress\/plugins\/seo\/ -->\n<title>Contact - Leadco. Lead generation, Sherbrooke, Montreal, Quebec<\/title>\n<meta name=\"robots\" content=\"index, follow, max-snippet:-1, max-image-preview:large, max-video-preview:-1\" \/>\n<link rel=\"canonical\" href=\"https:\/\/leadco.io\/en\/contact\/\" \/>\n<meta property=\"og:locale\" content=\"en_US\" \/>\n<meta property=\"og:type\" content=\"article\" \/>\n<meta property=\"og:title\" content=\"Contact\" \/>\n<meta property=\"og:description\" content=\"CONTACT US If you have any questions or comments about our services, please let us know. All you have to do is send us your message, taking care to include all the necessary information so that we can contact you as quickly as possible. We look forward to hearing from you. 1615 Beckett Street, Sherbrooke, [&hellip;]\" \/>\n<meta property=\"og:url\" content=\"https:\/\/leadco.io\/en\/contact\/\" \/>\n<meta property=\"og:site_name\" content=\"Leadco. Lead generation, Sherbrooke, Montreal, Quebec\" \/>\n<meta property=\"article:modified_time\" content=\"2024-04-30T19:56:58+00:00\" \/>\n<meta property=\"og:image\" content=\"https:\/\/leadco.io\/wp-content\/uploads\/2025\/04\/Screen-fb.jpg\" \/>\n\t<meta property=\"og:image:width\" content=\"1878\" \/>\n\t<meta property=\"og:image:height\" content=\"861\" \/>\n<meta name=\"twitter:card\" content=\"summary_large_image\" \/>\n<meta name=\"twitter:label1\" content=\"Est. reading time\" \/>\n\t<meta name=\"twitter:data1\" content=\"1 minute\" \/>\n<script type=\"application\/ld+json\" class=\"yoast-schema-graph\">{\"@context\":\"https:\/\/schema.org\",\"@graph\":[{\"@type\":\"Organization\",\"@id\":\"https:\/\/leadco.io\/#organization\",\"name\":\"Leadco.\",\"url\":\"https:\/\/leadco.io\/\",\"sameAs\":[],\"logo\":{\"@type\":\"ImageObject\",\"@id\":\"https:\/\/leadco.io\/#logo\",\"inLanguage\":\"en-US\",\"url\":\"\",\"contentUrl\":\"\",\"caption\":\"Leadco.\"},\"image\":{\"@id\":\"https:\/\/leadco.io\/#logo\"}},{\"@type\":\"WebSite\",\"@id\":\"https:\/\/leadco.io\/#website\",\"url\":\"https:\/\/leadco.io\/\",\"name\":\"Leadco. Lead generation, Sherbrooke, Montreal, Quebec\",\"description\":\"Sp\\u00e9cialistes en lead generation, conception de sites web et formations\",\"publisher\":{\"@id\":\"https:\/\/leadco.io\/#organization\"},\"potentialAction\":[{\"@type\":\"SearchAction\",\"target\":{\"@type\":\"EntryPoint\",\"urlTemplate\":\"https:\/\/leadco.io\/?s={search_term_string}\"},\"query-input\":\"required name=search_term_string\"}],\"inLanguage\":\"en-US\"},{\"@type\":\"WebPage\",\"@id\":\"https:\/\/leadco.io\/en\/contact\/#webpage\",\"url\":\"https:\/\/leadco.io\/en\/contact\/\",\"name\":\"Contact - Leadco. Lead generation, Sherbrooke, Montreal, Quebec\",\"isPartOf\":{\"@id\":\"https:\/\/leadco.io\/#website\"},\"datePublished\":\"2021-11-16T23:37:28+00:00\",\"dateModified\":\"2024-04-30T19:56:58+00:00\",\"breadcrumb\":{\"@id\":\"https:\/\/leadco.io\/en\/contact\/#breadcrumb\"},\"inLanguage\":\"en-US\",\"potentialAction\":[{\"@type\":\"ReadAction\",\"target\":[\"https:\/\/leadco.io\/en\/contact\/\"]}]},{\"@type\":\"BreadcrumbList\",\"@id\":\"https:\/\/leadco.io\/en\/contact\/#breadcrumb\",\"itemListElement\":[{\"@type\":\"ListItem\",\"position\":1,\"name\":\"Home\",\"item\":\"https:\/\/leadco.io\/en\/home\/\"},{\"@type\":\"ListItem\",\"position\":2,\"name\":\"Contact\"}]}]}<\/script>\n<!-- \/ Yoast SEO Premium plugin. -->","yoast_head_json":{"title":"Contact - Leadco. Lead generation, Sherbrooke, Montreal, Quebec","robots":{"index":"index","follow":"follow","max-snippet":"max-snippet:-1","max-image-preview":"max-image-preview:large","max-video-preview":"max-video-preview:-1"},"canonical":"https:\/\/leadco.io\/en\/contact\/","og_locale":"en_US","og_type":"article","og_title":"Contact","og_description":"CONTACT US If you have any questions or comments about our services, please let us know. All you have to do is send us your message, taking care to include all the necessary information so that we can contact you as quickly as possible. We look forward to hearing from you. 1615 Beckett Street, Sherbrooke, [&hellip;]","og_url":"https:\/\/leadco.io\/en\/contact\/","og_site_name":"Leadco. Lead generation, Sherbrooke, Montreal, Quebec","article_modified_time":"2024-04-30T19:56:58+00:00","og_image":[{"width":1878,"height":861,"filesize":318890,"url":"https:\/\/leadco.io\/wp-content\/uploads\/2025\/04\/Screen-fb.jpg","path":"\/usr\/share\/nginx\/html\/leadco.io\/wp-content\/uploads\/2025\/04\/Screen-fb.jpg","size":"full","id":9256,"alt":"Sp\u00e9cialiste en g\u00e9n\u00e9ration de lead au Qu\u00e9bec","pixels":1616958,"type":"image\/jpeg"}],"twitter_card":"summary_large_image","twitter_misc":{"Est. reading time":"1 minute"},"schema":{"@context":"https:\/\/schema.org","@graph":[{"@type":"Organization","@id":"https:\/\/leadco.io\/#organization","name":"Leadco.","url":"https:\/\/leadco.io\/","sameAs":[],"logo":{"@type":"ImageObject","@id":"https:\/\/leadco.io\/#logo","inLanguage":"en-US","url":"","contentUrl":"","caption":"Leadco."},"image":{"@id":"https:\/\/leadco.io\/#logo"}},{"@type":"WebSite","@id":"https:\/\/leadco.io\/#website","url":"https:\/\/leadco.io\/","name":"Leadco. Lead generation, Sherbrooke, Montreal, Quebec","description":"Sp\u00e9cialistes en lead generation, conception de sites web et formations","publisher":{"@id":"https:\/\/leadco.io\/#organization"},"potentialAction":[{"@type":"SearchAction","target":{"@type":"EntryPoint","urlTemplate":"https:\/\/leadco.io\/?s={search_term_string}"},"query-input":"required name=search_term_string"}],"inLanguage":"en-US"},{"@type":"WebPage","@id":"https:\/\/leadco.io\/en\/contact\/#webpage","url":"https:\/\/leadco.io\/en\/contact\/","name":"Contact - Leadco. Lead generation, Sherbrooke, Montreal, Quebec","isPartOf":{"@id":"https:\/\/leadco.io\/#website"},"datePublished":"2021-11-16T23:37:28+00:00","dateModified":"2024-04-30T19:56:58+00:00","breadcrumb":{"@id":"https:\/\/leadco.io\/en\/contact\/#breadcrumb"},"inLanguage":"en-US","potentialAction":[{"@type":"ReadAction","target":["https:\/\/leadco.io\/en\/contact\/"]}]},{"@type":"BreadcrumbList","@id":"https:\/\/leadco.io\/en\/contact\/#breadcrumb","itemListElement":[{"@type":"ListItem","position":1,"name":"Home","item":"https:\/\/leadco.io\/en\/home\/"},{"@type":"ListItem","position":2,"name":"Contact"}]}]}},"_links":{"self":[{"href":"https:\/\/leadco.io\/en\/wp-json\/wp\/v2\/pages\/6223"}],"collection":[{"href":"https:\/\/leadco.io\/en\/wp-json\/wp\/v2\/pages"}],"about":[{"href":"https:\/\/leadco.io\/en\/wp-json\/wp\/v2\/types\/page"}],"author":[{"embeddable":true,"href":"https:\/\/leadco.io\/en\/wp-json\/wp\/v2\/users\/1"}],"replies":[{"embeddable":true,"href":"https:\/\/leadco.io\/en\/wp-json\/wp\/v2\/comments?post=6223"}],"version-history":[{"count":2,"href":"https:\/\/leadco.io\/en\/wp-json\/wp\/v2\/pages\/6223\/revisions"}],"predecessor-version":[{"id":9196,"href":"https:\/\/leadco.io\/en\/wp-json\/wp\/v2\/pages\/6223\/revisions\/9196"}],"wp:attachment":[{"href":"https:\/\/leadco.io\/en\/wp-json\/wp\/v2\/media?parent=6223"}],"curies":[{"name":"wp","href":"https:\/\/api.w.org\/{rel}","templated":true}]}}